{"id":3296,"date":"2023-03-14T10:57:59","date_gmt":"2023-03-14T10:57:59","guid":{"rendered":"http:\/\/skstudenec.cz\/?page_id=3296"},"modified":"2023-03-14T11:04:54","modified_gmt":"2023-03-14T11:04:54","slug":"kontakty-sk-studenec","status":"publish","type":"page","link":"http:\/\/skstudenec.cz\/index.php\/kontakty-sk-studenec\/","title":{"rendered":"Kontakty SK Studenec"},"content":{"rendered":"\n<p><strong>Sportovn\u00ed klub Studenec, z.s.<\/strong><\/p>\n\n\n\n<p><strong>Adresa stadionu:<\/strong> Studenec 475, Studenec 51233<\/p>\n\n\n\n<p><strong>Koresponden\u010dn\u00ed adresa:<\/strong> Studenec 291, Studenec 51233<\/p>\n\n\n\n<p><strong>I\u010cO:<\/strong> 15043991<\/p>\n\n\n\n<p><strong>Bankovn\u00ed spojen\u00ed:<\/strong> GE Money Bank a.s.<\/p>\n\n\n\n<p><strong>\u010c\u00edslo \u00fa\u010dtu:<\/strong> 354703774\/0600<\/p>\n\n\n\n<p><strong>Webov\u00e9 str\u00e1nky:<\/strong> <a href=\"http:\/\/www.skstudenec.cz\">www.skstudenec.cz<\/a><\/p>\n\n\n\n<p><strong>e-mail:<\/strong> skstudenec@seznam.cz<\/p>\n\n\n\n<p><strong>P\u0159edseda klubu:<\/strong> VANCL V\u00e1clav &#8211; tel: 773 111 243<\/p>\n\n\n\n<p><strong>Sekret\u00e1\u0159 klubu:<\/strong> JUNEK Petr &#8211; tel: 603 734 818<\/p>\n\n\n\n<p><strong>Spr\u00e1vce sportovn\u00edho are\u00e1lu:<\/strong> KU\u0158\u00cdK Martin &#8211; tel: 604 991 258<\/p>\n\n\n\n<iframe loading=\"lazy\" style=\"border:none\" src=\"https:\/\/en.frame.mapy.cz\/s\/cokulufebu\" width=\"500\" height=\"333\" frameborder=\"0\"><\/iframe>\n","protected":false},"excerpt":{"rendered":"<p>Z\u00e1kladn\u00ed kontakty SK Studenec. Kontakty na vedouc\u00ed mu\u017estev, tren\u00e9ry atd. hledejte pod jednotliv\u00fdmi sporty.<span class=\"more-link\"><a href=\"http:\/\/skstudenec.cz\/index.php\/kontakty-sk-studenec\/\">V\u00cdCE<\/a><\/span><\/p>\n","protected":false},"author":1,"featured_media":0,"parent":0,"menu_order":0,"comment_status":"closed","ping_status":"closed","template":"","meta":{"footnotes":""},"_links":{"self":[{"href":"http:\/\/skstudenec.cz\/index.php\/wp-json\/wp\/v2\/pages\/3296"}],"collection":[{"href":"http:\/\/skstudenec.cz\/index.php\/wp-json\/wp\/v2\/pages"}],"about":[{"href":"http:\/\/skstudenec.cz\/index.php\/wp-json\/wp\/v2\/types\/page"}],"author":[{"embeddable":true,"href":"http:\/\/skstudenec.cz\/index.php\/wp-json\/wp\/v2\/users\/1"}],"replies":[{"embeddable":true,"href":"http:\/\/skstudenec.cz\/index.php\/wp-json\/wp\/v2\/comments?post=3296"}],"version-history":[{"count":4,"href":"http:\/\/skstudenec.cz\/index.php\/wp-json\/wp\/v2\/pages\/3296\/revisions"}],"predecessor-version":[{"id":3301,"href":"http:\/\/skstudenec.cz\/index.php\/wp-json\/wp\/v2\/pages\/3296\/revisions\/3301"}],"wp:attachment":[{"href":"http:\/\/skstudenec.cz\/index.php\/wp-json\/wp\/v2\/media?parent=3296"}],"curies":[{"name":"wp","href":"https:\/\/api.w.org\/{rel}","templated":true}]}}