{"id":3313,"date":"2023-03-29T17:14:39","date_gmt":"2023-03-29T17:14:39","guid":{"rendered":"http:\/\/skstudenec.cz\/?page_id=3313"},"modified":"2023-03-29T17:17:24","modified_gmt":"2023-03-29T17:17:24","slug":"kontakty-oddil-orientacnich-sportu","status":"publish","type":"page","link":"http:\/\/skstudenec.cz\/index.php\/kontakty-oddil-orientacnich-sportu\/","title":{"rendered":"Kontakty Odd\u00edl orienta\u010dn\u00edch sport\u016f"},"content":{"rendered":"\n<h3 class=\"wp-block-heading\"><strong>Orienta\u010dn\u00ed b\u011bh<\/strong><\/h3>\n\n\n\n<p>Realiza\u010dn\u00ed t\u00fdm:<\/p>\n\n\n\n<table class=\"wp-block-table is-style-stripes\"><tbody><tr><td><strong>Funkce <\/strong><\/td><td><strong>P\u0159\u00edjmen\u00ed a jm\u00e9no<\/strong><\/td><td><strong>Kontakt<\/strong><\/td><\/tr><tr><td>Vedouc\u00ed<\/td><td>JUNEK Petr st.  <\/td><td>603 734 818 <\/td><\/tr><tr><td>Tren\u00e9r <\/td><td>JUNKOV\u00c1 Kate\u0159ina <\/td><td>739 065 177 <\/td><\/tr><\/tbody><\/table>\n\n\n\n<h3 class=\"wp-block-heading\">Ly\u017ea\u0159sk\u00fd OB<\/h3>\n\n\n\n<p>Realiza\u010dn\u00ed t\u00fdm:<\/p>\n\n\n\n<table class=\"wp-block-table is-style-stripes\"><tbody><tr><td><strong>Funkce <\/strong><\/td><td><strong>P\u0159\u00edjmen\u00ed a jm\u00e9no<\/strong><\/td><td><strong>Kontakt<\/strong><\/td><\/tr><tr><td>Vedouc\u00ed<\/td><td> JUNEK Petr ml. <\/td><td>606 224 721 <\/td><\/tr><tr><td>Tren\u00e9r <\/td><td>CHR\u00c1ST Tom\u00e1\u0161  <\/td><td>732 838 774 <\/td><\/tr><tr><td>Tren\u00e9r <\/td><td>PU\u0160 Roman <\/td><td>736 691 202 <\/td><\/tr><\/tbody><\/table>\n\n\n\n<p>  <\/p>\n\n\n\n<p>  <\/p>\n\n\n\n<p>  <\/p>\n","protected":false},"excerpt":{"rendered":"<p>Orienta\u010dn\u00ed b\u011bh Realiza\u010dn\u00ed t\u00fdm: Funkce P\u0159\u00edjmen\u00ed a jm\u00e9no Kontakt Vedouc\u00ed JUNEK Petr st. 603 734 818 Tren\u00e9r JUNKOV\u00c1 Kate\u0159ina 739 065 177 Ly\u017ea\u0159sk\u00fd OB Realiza\u010dn\u00ed t\u00fdm: Funkce P\u0159\u00edjmen\u00ed a jm\u00e9no Kontakt Vedouc\u00ed JUNEK Petr ml. 606 224 721 Tren\u00e9r CHR\u00c1ST Tom\u00e1\u0161 732 838 774 Tren\u00e9r PU\u0160 Roman 736 691 202<span class=\"more-link\"><a href=\"http:\/\/skstudenec.cz\/index.php\/kontakty-oddil-orientacnich-sportu\/\">V\u00cdCE<\/a><\/span><\/p>\n","protected":false},"author":1,"featured_media":0,"parent":0,"menu_order":0,"comment_status":"closed","ping_status":"closed","template":"","meta":{"footnotes":""},"_links":{"self":[{"href":"http:\/\/skstudenec.cz\/index.php\/wp-json\/wp\/v2\/pages\/3313"}],"collection":[{"href":"http:\/\/skstudenec.cz\/index.php\/wp-json\/wp\/v2\/pages"}],"about":[{"href":"http:\/\/skstudenec.cz\/index.php\/wp-json\/wp\/v2\/types\/page"}],"author":[{"embeddable":true,"href":"http:\/\/skstudenec.cz\/index.php\/wp-json\/wp\/v2\/users\/1"}],"replies":[{"embeddable":true,"href":"http:\/\/skstudenec.cz\/index.php\/wp-json\/wp\/v2\/comments?post=3313"}],"version-history":[{"count":3,"href":"http:\/\/skstudenec.cz\/index.php\/wp-json\/wp\/v2\/pages\/3313\/revisions"}],"predecessor-version":[{"id":3317,"href":"http:\/\/skstudenec.cz\/index.php\/wp-json\/wp\/v2\/pages\/3313\/revisions\/3317"}],"wp:attachment":[{"href":"http:\/\/skstudenec.cz\/index.php\/wp-json\/wp\/v2\/media?parent=3313"}],"curies":[{"name":"wp","href":"https:\/\/api.w.org\/{rel}","templated":true}]}}