{"id":3318,"date":"2023-03-29T17:21:37","date_gmt":"2023-03-29T17:21:37","guid":{"rendered":"http:\/\/skstudenec.cz\/?page_id=3318"},"modified":"2023-03-29T18:06:16","modified_gmt":"2023-03-29T18:06:16","slug":"kontakty-mladsi-pripravka","status":"publish","type":"page","link":"http:\/\/skstudenec.cz\/index.php\/kontakty-mladsi-pripravka\/","title":{"rendered":"Kontakty Mlad\u0161\u00ed p\u0159\u00edpravka"},"content":{"rendered":"\n<h3 class=\"wp-block-heading\"><strong>Mlad\u0161\u00ed p\u0159\u00edpravka<\/strong><\/h3>\n\n\n\n<p>Realiza\u010dn\u00ed t\u00fdm:<\/p>\n\n\n\n<table class=\"wp-block-table is-style-stripes\"><tbody><tr><td><strong>Funkce <\/strong><\/td><td><strong>P\u0159\u00edjmen\u00ed a jm\u00e9no<\/strong><\/td><td><strong>Kontakt<\/strong><\/td><\/tr><tr><td>Tren\u00e9r <\/td><td>KU\u0158\u00cdK Martin <\/td><td> 604 991 258 <\/td><\/tr><\/tbody><\/table>\n","protected":false},"excerpt":{"rendered":"<p>Mlad\u0161\u00ed p\u0159\u00edpravka Realiza\u010dn\u00ed t\u00fdm: Funkce P\u0159\u00edjmen\u00ed a jm\u00e9no Kontakt Tren\u00e9r KU\u0158\u00cdK Martin 604 991 258<span class=\"more-link\"><a href=\"http:\/\/skstudenec.cz\/index.php\/kontakty-mladsi-pripravka\/\">V\u00cdCE<\/a><\/span><\/p>\n","protected":false},"author":1,"featured_media":0,"parent":0,"menu_order":0,"comment_status":"closed","ping_status":"closed","template":"","meta":{"footnotes":""},"_links":{"self":[{"href":"http:\/\/skstudenec.cz\/index.php\/wp-json\/wp\/v2\/pages\/3318"}],"collection":[{"href":"http:\/\/skstudenec.cz\/index.php\/wp-json\/wp\/v2\/pages"}],"about":[{"href":"http:\/\/skstudenec.cz\/index.php\/wp-json\/wp\/v2\/types\/page"}],"author":[{"embeddable":true,"href":"http:\/\/skstudenec.cz\/index.php\/wp-json\/wp\/v2\/users\/1"}],"replies":[{"embeddable":true,"href":"http:\/\/skstudenec.cz\/index.php\/wp-json\/wp\/v2\/comments?post=3318"}],"version-history":[{"count":4,"href":"http:\/\/skstudenec.cz\/index.php\/wp-json\/wp\/v2\/pages\/3318\/revisions"}],"predecessor-version":[{"id":4413,"href":"http:\/\/skstudenec.cz\/index.php\/wp-json\/wp\/v2\/pages\/3318\/revisions\/4413"}],"wp:attachment":[{"href":"http:\/\/skstudenec.cz\/index.php\/wp-json\/wp\/v2\/media?parent=3318"}],"curies":[{"name":"wp","href":"https:\/\/api.w.org\/{rel}","templated":true}]}}