{"id":3326,"date":"2023-03-29T17:40:32","date_gmt":"2023-03-29T17:40:32","guid":{"rendered":"http:\/\/skstudenec.cz\/?page_id=3326"},"modified":"2023-03-29T18:06:28","modified_gmt":"2023-03-29T18:06:28","slug":"kontakty-mladsi-zaci","status":"publish","type":"page","link":"http:\/\/skstudenec.cz\/index.php\/kontakty-mladsi-zaci\/","title":{"rendered":"Kontakty Mlad\u0161\u00ed \u017e\u00e1ci"},"content":{"rendered":"\n<h3 class=\"wp-block-heading\">Mlad\u0161\u00ed \u017e\u00e1ci<\/h3>\n\n\n\n<p>Realiza\u010dn\u00ed t\u00fdm:<\/p>\n\n\n\n<table class=\"wp-block-table is-style-stripes\"><tbody><tr><td><strong>Funkce <\/strong><\/td><td><strong>P\u0159\u00edjmen\u00ed a jm\u00e9no<\/strong><\/td><td><strong>Kontakt<\/strong><\/td><\/tr><tr><td>Tren\u00e9r <\/td><td>BARTO\u0147 Petr <\/td><td>606 752 848 <\/td><\/tr><tr><td>Tren\u00e9r &#8211; asistent<\/td><td>EFENBERK Josef <\/td><td><\/td><\/tr><\/tbody><\/table>\n","protected":false},"excerpt":{"rendered":"<p>Mlad\u0161\u00ed \u017e\u00e1ci Realiza\u010dn\u00ed t\u00fdm: Funkce P\u0159\u00edjmen\u00ed a jm\u00e9no Kontakt Tren\u00e9r BARTO\u0147 Petr 606 752 848 Tren\u00e9r &#8211; asistent EFENBERK Josef<span class=\"more-link\"><a href=\"http:\/\/skstudenec.cz\/index.php\/kontakty-mladsi-zaci\/\">V\u00cdCE<\/a><\/span><\/p>\n","protected":false},"author":1,"featured_media":0,"parent":0,"menu_order":0,"comment_status":"closed","ping_status":"closed","template":"","meta":{"footnotes":""},"_links":{"self":[{"href":"http:\/\/skstudenec.cz\/index.php\/wp-json\/wp\/v2\/pages\/3326"}],"collection":[{"href":"http:\/\/skstudenec.cz\/index.php\/wp-json\/wp\/v2\/pages"}],"about":[{"href":"http:\/\/skstudenec.cz\/index.php\/wp-json\/wp\/v2\/types\/page"}],"author":[{"embeddable":true,"href":"http:\/\/skstudenec.cz\/index.php\/wp-json\/wp\/v2\/users\/1"}],"replies":[{"embeddable":true,"href":"http:\/\/skstudenec.cz\/index.php\/wp-json\/wp\/v2\/comments?post=3326"}],"version-history":[{"count":4,"href":"http:\/\/skstudenec.cz\/index.php\/wp-json\/wp\/v2\/pages\/3326\/revisions"}],"predecessor-version":[{"id":3373,"href":"http:\/\/skstudenec.cz\/index.php\/wp-json\/wp\/v2\/pages\/3326\/revisions\/3373"}],"wp:attachment":[{"href":"http:\/\/skstudenec.cz\/index.php\/wp-json\/wp\/v2\/media?parent=3326"}],"curies":[{"name":"wp","href":"https:\/\/api.w.org\/{rel}","templated":true}]}}