{"id":3328,"date":"2023-03-29T17:42:03","date_gmt":"2023-03-29T17:42:03","guid":{"rendered":"http:\/\/skstudenec.cz\/?page_id=3328"},"modified":"2023-03-29T18:07:14","modified_gmt":"2023-03-29T18:07:14","slug":"kontakty-starsi-zaci","status":"publish","type":"page","link":"http:\/\/skstudenec.cz\/index.php\/kontakty-starsi-zaci\/","title":{"rendered":"Kontakty Star\u0161\u00ed \u017e\u00e1ci"},"content":{"rendered":"\n<h3 class=\"wp-block-heading\">Star\u0161\u00ed \u017e\u00e1ci<\/h3>\n\n\n\n<p>Realiza\u010dn\u00ed t\u00fdm:<\/p>\n\n\n\n<table class=\"wp-block-table is-style-stripes\"><tbody><tr><td><strong>Funkce <\/strong><\/td><td><strong>P\u0159\u00edjmen\u00ed a jm\u00e9no<\/strong><\/td><td><strong>Kontakt<\/strong><\/td><\/tr><tr><td>Tren\u00e9r <\/td><td>JODAS Ale\u0161 <\/td><td>739 547 404 <\/td><\/tr><tr><td>Tren\u00e9r &#8211; asistent<\/td><td>POVR Ji\u0159\u00ed <\/td><td><\/td><\/tr><tr><td>Tren\u00e9r &#8211; asistent<\/td><td>EXNER Tom\u00e1\u0161<\/td><td><\/td><\/tr><\/tbody><\/table>\n","protected":false},"excerpt":{"rendered":"<p>Star\u0161\u00ed \u017e\u00e1ci Realiza\u010dn\u00ed t\u00fdm: Funkce P\u0159\u00edjmen\u00ed a jm\u00e9no Kontakt Tren\u00e9r JODAS Ale\u0161 739 547 404 Tren\u00e9r &#8211; asistent POVR Ji\u0159\u00ed Tren\u00e9r &#8211; asistent EXNER Tom\u00e1\u0161<span class=\"more-link\"><a href=\"http:\/\/skstudenec.cz\/index.php\/kontakty-starsi-zaci\/\">V\u00cdCE<\/a><\/span><\/p>\n","protected":false},"author":1,"featured_media":0,"parent":0,"menu_order":0,"comment_status":"closed","ping_status":"closed","template":"","meta":{"footnotes":""},"_links":{"self":[{"href":"http:\/\/skstudenec.cz\/index.php\/wp-json\/wp\/v2\/pages\/3328"}],"collection":[{"href":"http:\/\/skstudenec.cz\/index.php\/wp-json\/wp\/v2\/pages"}],"about":[{"href":"http:\/\/skstudenec.cz\/index.php\/wp-json\/wp\/v2\/types\/page"}],"author":[{"embeddable":true,"href":"http:\/\/skstudenec.cz\/index.php\/wp-json\/wp\/v2\/users\/1"}],"replies":[{"embeddable":true,"href":"http:\/\/skstudenec.cz\/index.php\/wp-json\/wp\/v2\/comments?post=3328"}],"version-history":[{"count":3,"href":"http:\/\/skstudenec.cz\/index.php\/wp-json\/wp\/v2\/pages\/3328\/revisions"}],"predecessor-version":[{"id":3377,"href":"http:\/\/skstudenec.cz\/index.php\/wp-json\/wp\/v2\/pages\/3328\/revisions\/3377"}],"wp:attachment":[{"href":"http:\/\/skstudenec.cz\/index.php\/wp-json\/wp\/v2\/media?parent=3328"}],"curies":[{"name":"wp","href":"https:\/\/api.w.org\/{rel}","templated":true}]}}