{"id":3330,"date":"2023-03-29T17:43:38","date_gmt":"2023-03-29T17:43:38","guid":{"rendered":"http:\/\/skstudenec.cz\/?page_id=3330"},"modified":"2023-03-29T18:06:03","modified_gmt":"2023-03-29T18:06:03","slug":"kontakty-dorost","status":"publish","type":"page","link":"http:\/\/skstudenec.cz\/index.php\/kontakty-dorost\/","title":{"rendered":"Kontakty Dorost"},"content":{"rendered":"\n<h3 class=\"wp-block-heading\"><strong>Dorost<\/strong><\/h3>\n\n\n\n<p>Realiza\u010dn\u00ed t\u00fdm:<\/p>\n\n\n\n<table class=\"wp-block-table is-style-stripes\"><tbody><tr><td><strong>Funkce <\/strong><\/td><td><strong>P\u0159\u00edjmen\u00ed a jm\u00e9no<\/strong><\/td><td><strong>Kontakt<\/strong><\/td><\/tr><tr><td>Tren\u00e9r <\/td><td>ME\u010c\u00cd\u0158 Pavel<\/td><td>731 612 277 <\/td><\/tr><\/tbody><\/table>\n\n\n<p><!--EndFragment--><\/p>\n<p><\/p>","protected":false},"excerpt":{"rendered":"<p>Dorost Realiza\u010dn\u00ed t\u00fdm: Funkce P\u0159\u00edjmen\u00ed a jm\u00e9no Kontakt Tren\u00e9r ME\u010c\u00cd\u0158 Pavel 731 612 277<span class=\"more-link\"><a href=\"http:\/\/skstudenec.cz\/index.php\/kontakty-dorost\/\">V\u00cdCE<\/a><\/span><\/p>\n","protected":false},"author":1,"featured_media":0,"parent":0,"menu_order":0,"comment_status":"closed","ping_status":"closed","template":"","meta":{"footnotes":""},"_links":{"self":[{"href":"http:\/\/skstudenec.cz\/index.php\/wp-json\/wp\/v2\/pages\/3330"}],"collection":[{"href":"http:\/\/skstudenec.cz\/index.php\/wp-json\/wp\/v2\/pages"}],"about":[{"href":"http:\/\/skstudenec.cz\/index.php\/wp-json\/wp\/v2\/types\/page"}],"author":[{"embeddable":true,"href":"http:\/\/skstudenec.cz\/index.php\/wp-json\/wp\/v2\/users\/1"}],"replies":[{"embeddable":true,"href":"http:\/\/skstudenec.cz\/index.php\/wp-json\/wp\/v2\/comments?post=3330"}],"version-history":[{"count":3,"href":"http:\/\/skstudenec.cz\/index.php\/wp-json\/wp\/v2\/pages\/3330\/revisions"}],"predecessor-version":[{"id":3371,"href":"http:\/\/skstudenec.cz\/index.php\/wp-json\/wp\/v2\/pages\/3330\/revisions\/3371"}],"wp:attachment":[{"href":"http:\/\/skstudenec.cz\/index.php\/wp-json\/wp\/v2\/media?parent=3330"}],"curies":[{"name":"wp","href":"https:\/\/api.w.org\/{rel}","templated":true}]}}