{"id":3332,"date":"2023-03-29T17:45:07","date_gmt":"2023-03-29T17:45:07","guid":{"rendered":"http:\/\/skstudenec.cz\/?page_id=3332"},"modified":"2023-03-29T18:06:51","modified_gmt":"2023-03-29T18:06:51","slug":"kontakty-muzi-b","status":"publish","type":"page","link":"http:\/\/skstudenec.cz\/index.php\/kontakty-muzi-b\/","title":{"rendered":"Kontakty Mu\u017ei B"},"content":{"rendered":"\n<h3 class=\"wp-block-heading\">Mu\u017ei B<\/h3>\n\n\n\n<p>Realiza\u010dn\u00ed t\u00fdm:<\/p>\n\n\n\n<table class=\"wp-block-table is-style-stripes\"><tbody><tr><td><strong>Funkce <\/strong><\/td><td><strong>P\u0159\u00edjmen\u00ed a jm\u00e9no<\/strong><\/td><td><strong>Kontakt<\/strong><\/td><\/tr><tr><td>Tren\u00e9r <\/td><td>JEZDINSK\u00dd Petr <\/td><td>720 546 035 <\/td><\/tr><tr><td>Vedouc\u00ed mu\u017estva <\/td><td>HYLMAR Jakub <\/td><td><\/td><\/tr><\/tbody><\/table>\n","protected":false},"excerpt":{"rendered":"<p>Mu\u017ei B Realiza\u010dn\u00ed t\u00fdm: Funkce P\u0159\u00edjmen\u00ed a jm\u00e9no Kontakt Tren\u00e9r JEZDINSK\u00dd Petr 720 546 035 Vedouc\u00ed mu\u017estva HYLMAR Jakub<span class=\"more-link\"><a href=\"http:\/\/skstudenec.cz\/index.php\/kontakty-muzi-b\/\">V\u00cdCE<\/a><\/span><\/p>\n","protected":false},"author":1,"featured_media":0,"parent":0,"menu_order":0,"comment_status":"closed","ping_status":"closed","template":"","meta":{"footnotes":""},"_links":{"self":[{"href":"http:\/\/skstudenec.cz\/index.php\/wp-json\/wp\/v2\/pages\/3332"}],"collection":[{"href":"http:\/\/skstudenec.cz\/index.php\/wp-json\/wp\/v2\/pages"}],"about":[{"href":"http:\/\/skstudenec.cz\/index.php\/wp-json\/wp\/v2\/types\/page"}],"author":[{"embeddable":true,"href":"http:\/\/skstudenec.cz\/index.php\/wp-json\/wp\/v2\/users\/1"}],"replies":[{"embeddable":true,"href":"http:\/\/skstudenec.cz\/index.php\/wp-json\/wp\/v2\/comments?post=3332"}],"version-history":[{"count":4,"href":"http:\/\/skstudenec.cz\/index.php\/wp-json\/wp\/v2\/pages\/3332\/revisions"}],"predecessor-version":[{"id":3375,"href":"http:\/\/skstudenec.cz\/index.php\/wp-json\/wp\/v2\/pages\/3332\/revisions\/3375"}],"wp:attachment":[{"href":"http:\/\/skstudenec.cz\/index.php\/wp-json\/wp\/v2\/media?parent=3332"}],"curies":[{"name":"wp","href":"https:\/\/api.w.org\/{rel}","templated":true}]}}