{"id":3334,"date":"2023-03-29T17:46:16","date_gmt":"2023-03-29T17:46:16","guid":{"rendered":"http:\/\/skstudenec.cz\/?page_id=3334"},"modified":"2023-03-29T18:06:40","modified_gmt":"2023-03-29T18:06:40","slug":"kontakty-muzi-a","status":"publish","type":"page","link":"http:\/\/skstudenec.cz\/index.php\/kontakty-muzi-a\/","title":{"rendered":"Kontakty Mu\u017ei A"},"content":{"rendered":"\n<h3 class=\"wp-block-heading\">Mu\u017ei A<\/h3>\n\n\n\n<p>Realiza\u010dn\u00ed t\u00fdm:<\/p>\n\n\n\n<table class=\"wp-block-table is-style-stripes\"><tbody><tr><td><strong>Funkce <\/strong><\/td><td><strong>P\u0159\u00edjmen\u00ed a jm\u00e9no<\/strong><\/td><td><strong>Kontakt<\/strong><\/td><\/tr><tr><td>Tren\u00e9r <\/td><td>HRUB\u00dd Martin <\/td><td>602 161 613  <\/td><\/tr><tr><td>Vedouc\u00ed mu\u017estva <\/td><td>HLAD\u00cdK Franti\u0161ek <\/td><td><\/td><\/tr><\/tbody><\/table>\n","protected":false},"excerpt":{"rendered":"<p>Mu\u017ei A Realiza\u010dn\u00ed t\u00fdm: Funkce P\u0159\u00edjmen\u00ed a jm\u00e9no Kontakt Tren\u00e9r HRUB\u00dd Martin 602 161 613 Vedouc\u00ed mu\u017estva HLAD\u00cdK Franti\u0161ek<span class=\"more-link\"><a href=\"http:\/\/skstudenec.cz\/index.php\/kontakty-muzi-a\/\">V\u00cdCE<\/a><\/span><\/p>\n","protected":false},"author":1,"featured_media":0,"parent":0,"menu_order":0,"comment_status":"closed","ping_status":"closed","template":"","meta":{"footnotes":""},"_links":{"self":[{"href":"http:\/\/skstudenec.cz\/index.php\/wp-json\/wp\/v2\/pages\/3334"}],"collection":[{"href":"http:\/\/skstudenec.cz\/index.php\/wp-json\/wp\/v2\/pages"}],"about":[{"href":"http:\/\/skstudenec.cz\/index.php\/wp-json\/wp\/v2\/types\/page"}],"author":[{"embeddable":true,"href":"http:\/\/skstudenec.cz\/index.php\/wp-json\/wp\/v2\/users\/1"}],"replies":[{"embeddable":true,"href":"http:\/\/skstudenec.cz\/index.php\/wp-json\/wp\/v2\/comments?post=3334"}],"version-history":[{"count":3,"href":"http:\/\/skstudenec.cz\/index.php\/wp-json\/wp\/v2\/pages\/3334\/revisions"}],"predecessor-version":[{"id":3374,"href":"http:\/\/skstudenec.cz\/index.php\/wp-json\/wp\/v2\/pages\/3334\/revisions\/3374"}],"wp:attachment":[{"href":"http:\/\/skstudenec.cz\/index.php\/wp-json\/wp\/v2\/media?parent=3334"}],"curies":[{"name":"wp","href":"https:\/\/api.w.org\/{rel}","templated":true}]}}