{"id":3350,"date":"2023-03-29T17:51:15","date_gmt":"2023-03-29T17:51:15","guid":{"rendered":"http:\/\/skstudenec.cz\/?page_id=3350"},"modified":"2023-03-29T17:51:15","modified_gmt":"2023-03-29T17:51:15","slug":"kontakty-atletika","status":"publish","type":"page","link":"http:\/\/skstudenec.cz\/index.php\/kontakty-atletika\/","title":{"rendered":"Kontakty Atletika"},"content":{"rendered":"\n<h3 class=\"wp-block-heading\"><strong>Atletika<\/strong><\/h3>\n\n\n\n<p>Realiza\u010dn\u00ed t\u00fdm:<\/p>\n\n\n\n<table class=\"wp-block-table is-style-stripes\"><tbody><tr><td><strong>Funkce <\/strong><\/td><td><strong>P\u0159\u00edjmen\u00ed a jm\u00e9no<\/strong><\/td><td><strong>Kontakt<\/strong><\/td><\/tr><tr><td>Vedouc\u00ed<\/td><td>UVIZL Ivan  <\/td><td>777 898 453<\/td><\/tr><tr><td>Tren\u00e9r <\/td><td>JUNEK Vladim\u00edr<\/td><td>606 693 993 <\/td><\/tr><\/tbody><\/table>\n","protected":false},"excerpt":{"rendered":"<p>Atletika Realiza\u010dn\u00ed t\u00fdm: Funkce P\u0159\u00edjmen\u00ed a jm\u00e9no Kontakt Vedouc\u00ed UVIZL Ivan 777 898 453 Tren\u00e9r JUNEK Vladim\u00edr 606 693 993<span class=\"more-link\"><a href=\"http:\/\/skstudenec.cz\/index.php\/kontakty-atletika\/\">V\u00cdCE<\/a><\/span><\/p>\n","protected":false},"author":1,"featured_media":0,"parent":0,"menu_order":0,"comment_status":"closed","ping_status":"closed","template":"","meta":{"footnotes":""},"_links":{"self":[{"href":"http:\/\/skstudenec.cz\/index.php\/wp-json\/wp\/v2\/pages\/3350"}],"collection":[{"href":"http:\/\/skstudenec.cz\/index.php\/wp-json\/wp\/v2\/pages"}],"about":[{"href":"http:\/\/skstudenec.cz\/index.php\/wp-json\/wp\/v2\/types\/page"}],"author":[{"embeddable":true,"href":"http:\/\/skstudenec.cz\/index.php\/wp-json\/wp\/v2\/users\/1"}],"replies":[{"embeddable":true,"href":"http:\/\/skstudenec.cz\/index.php\/wp-json\/wp\/v2\/comments?post=3350"}],"version-history":[{"count":2,"href":"http:\/\/skstudenec.cz\/index.php\/wp-json\/wp\/v2\/pages\/3350\/revisions"}],"predecessor-version":[{"id":3352,"href":"http:\/\/skstudenec.cz\/index.php\/wp-json\/wp\/v2\/pages\/3350\/revisions\/3352"}],"wp:attachment":[{"href":"http:\/\/skstudenec.cz\/index.php\/wp-json\/wp\/v2\/media?parent=3350"}],"curies":[{"name":"wp","href":"https:\/\/api.w.org\/{rel}","templated":true}]}}